{"id":487,"date":"2021-12-08T20:43:28","date_gmt":"2021-12-08T19:43:28","guid":{"rendered":"https:\/\/house.my-mind.online\/?page_id=487"},"modified":"2021-12-12T13:29:50","modified_gmt":"2021-12-12T12:29:50","slug":"photos-ete","status":"publish","type":"page","link":"https:\/\/house.my-mind.online\/index.php\/photos-ete\/","title":{"rendered":"ETE 2021"},"content":{"rendered":"\n<div class=\"wp-block-group\"><div class=\"wp-block-group__inner-container\">\n<p><\/p>\n<\/div><\/div>\n\n\n\n<h3><span style=\"color:#4a844f\" class=\"has-inline-color\">Jardin et s\u00e9jour<\/span>  &#8211; \u00e9t\u00e9 2021<\/h3>\n\n\n\n<div class=\"alignnormal\"><div id=\"metaslider-id-617\" style=\"width: 100%;\" class=\"ml-slider-3-23-5 metaslider metaslider-flex metaslider-617 ml-slider ms-theme-simply-dark has-dots-nav\">\n    <div id=\"metaslider_container_617\">\n        <div id=\"metaslider_617\">\n            <ul aria-live=\"polite\" class=\"slides\">\n                <li style=\"display: block; width: 100%;\" class=\"slide-619 ms-image\"><img src=\"https:\/\/house.my-mind.online\/wp-content\/uploads\/2020\/12\/62-pano-12-scaled-1000x350.jpg\" height=\"350\" width=\"1000\" alt=\"\" class=\"slider-617 slide-619\" title=\"62-pano-12\" \/><div class=\"caption-wrap\"><div class=\"caption\">Dans votre canap\u00e9, le jardin, fa\u00e7e TV et Chemin\u00e9e<\/div><\/div><\/li>\n                <li style=\"display: none; width: 100%;\" class=\"slide-620 ms-image\"><img src=\"https:\/\/house.my-mind.online\/wp-content\/uploads\/2020\/12\/62-pano-11-scaled-1000x350.jpg\" height=\"350\" width=\"1000\" alt=\"\" class=\"slider-617 slide-620\" title=\"62-pano-11\" \/><\/li>\n                <li style=\"display: none; width: 100%;\" class=\"slide-630 ms-image\"><img src=\"https:\/\/house.my-mind.online\/wp-content\/uploads\/2020\/12\/62-classic-11-scaled-1000x350.jpg\" height=\"350\" width=\"1000\" alt=\"\" class=\"slider-617 slide-630\" title=\"62-classic-11\" \/><div class=\"caption-wrap\"><div class=\"caption\">C\u00f4t\u00e9 jardin<\/div><\/div><\/li>\n                <li style=\"display: none; width: 100%;\" class=\"slide-621 ms-image\"><img src=\"https:\/\/house.my-mind.online\/wp-content\/uploads\/2020\/12\/62-pano-10-scaled-1000x350.jpg\" height=\"350\" width=\"1000\" alt=\"\" class=\"slider-617 slide-621\" title=\"62-pano-10\" \/><\/li>\n                <li style=\"display: none; width: 100%;\" class=\"slide-622 ms-image\"><img src=\"https:\/\/house.my-mind.online\/wp-content\/uploads\/2020\/12\/62-pano-08-scaled-1000x350.jpg\" height=\"350\" width=\"1000\" alt=\"\" class=\"slider-617 slide-622\" title=\"62-pano-08\" \/><div class=\"caption-wrap\"><div class=\"caption\">Lumi\u00e8re sur le jardin<\/div><\/div><\/li>\n                <li style=\"display: none; width: 100%;\" class=\"slide-624 ms-image\"><img src=\"https:\/\/house.my-mind.online\/wp-content\/uploads\/2020\/12\/62-pano-12-scaled-1000x350.jpg\" height=\"350\" width=\"1000\" alt=\"\" class=\"slider-617 slide-624\" title=\"62-pano-12\" \/><div class=\"caption-wrap\"><div class=\"caption\">Dans votre canap\u00e9, le jardin, fa\u00e7e TV et Chemin\u00e9e<\/div><\/div><\/li>\n                <li style=\"display: none; width: 100%;\" class=\"slide-626 ms-image\"><img src=\"https:\/\/house.my-mind.online\/wp-content\/uploads\/2020\/12\/62-pano-02-scaled-1000x350.jpg\" height=\"350\" width=\"1000\" alt=\"\" class=\"slider-617 slide-626\" title=\"62-pano-02\" \/><\/li>\n                <li style=\"display: none; width: 100%;\" class=\"slide-627 ms-image\"><img src=\"https:\/\/house.my-mind.online\/wp-content\/uploads\/2020\/12\/62-pano-01-scaled-1000x350.jpg\" height=\"350\" width=\"1000\" alt=\"\" class=\"slider-617 slide-627\" title=\"62-pano-01\" \/><\/li>\n                <li style=\"display: none; width: 100%;\" class=\"slide-631 ms-image\"><img src=\"https:\/\/house.my-mind.online\/wp-content\/uploads\/2020\/12\/62-classic-13-scaled-1000x350.jpg\" height=\"350\" width=\"1000\" alt=\"\" class=\"slider-617 slide-631\" title=\"62-classic-13\" \/><div class=\"caption-wrap\"><div class=\"caption\">Gazon, roses et palmier<\/div><\/div><\/li>\n            <\/ul>\n        <\/div>\n        \n    <\/div>\n<\/div><\/div>\n\n\n\n<div class=\"alignnormal\"><div id=\"metaslider-id-655\" style=\"width: 100%;\" class=\"ml-slider-3-23-5 metaslider metaslider-flex metaslider-655 ml-slider ms-theme-simply-dark has-dots-nav\">\n    <div id=\"metaslider_container_655\">\n        <div id=\"metaslider_655\">\n            <ul aria-live=\"polite\" class=\"slides\">\n                <li style=\"display: block; width: 100%;\" class=\"slide-656 ms-image\"><img src=\"https:\/\/house.my-mind.online\/wp-content\/uploads\/2020\/12\/62-classic-04-edited-1-600x450.jpg\" height=\"450\" width=\"600\" alt=\"\" class=\"slider-655 slide-656\" title=\"62-classic-04\" \/><div class=\"caption-wrap\"><div class=\"caption\">La Varenne<\/div><\/div><\/li>\n                <li style=\"display: none; width: 100%;\" class=\"slide-661 ms-image\"><img src=\"https:\/\/house.my-mind.online\/wp-content\/uploads\/2020\/12\/62-pano-06-scaled-600x450.jpg\" height=\"450\" width=\"600\" alt=\"\" class=\"slider-655 slide-661\" title=\"62-pano-06\" \/><\/li>\n                <li style=\"display: none; width: 100%;\" class=\"slide-662 ms-image\"><img src=\"https:\/\/house.my-mind.online\/wp-content\/uploads\/2020\/12\/62-classic-09-scaled-600x450.jpg\" height=\"450\" width=\"600\" alt=\"\" class=\"slider-655 slide-662\" title=\"62-classic-09\" \/><\/li>\n                <li style=\"display: none; width: 100%;\" class=\"slide-666 ms-image\"><img src=\"https:\/\/house.my-mind.online\/wp-content\/uploads\/2020\/12\/62-classic-17-scaled-600x450.jpg\" height=\"450\" width=\"600\" alt=\"\" class=\"slider-655 slide-666\" title=\"62-classic-17\" \/><\/li>\n                <li style=\"display: none; width: 100%;\" class=\"slide-667 ms-image\"><img src=\"https:\/\/house.my-mind.online\/wp-content\/uploads\/2020\/12\/62-classic-16-scaled-600x450.jpg\" height=\"450\" width=\"600\" alt=\"\" class=\"slider-655 slide-667\" title=\"62-classic-16\" \/><div class=\"caption-wrap\"><div class=\"caption\">Le calme<\/div><\/div><\/li>\n                <li style=\"display: none; width: 100%;\" class=\"slide-668 ms-image\"><img src=\"https:\/\/house.my-mind.online\/wp-content\/uploads\/2020\/12\/62-classic-11-scaled-600x450.jpg\" height=\"450\" width=\"600\" alt=\"\" class=\"slider-655 slide-668\" title=\"62-classic-11\" \/><div class=\"caption-wrap\"><div class=\"caption\">C\u00f4t\u00e9 jardin<\/div><\/div><\/li>\n                <li style=\"display: none; width: 100%;\" class=\"slide-669 ms-image\"><img src=\"https:\/\/house.my-mind.online\/wp-content\/uploads\/2020\/12\/62-classic-13-scaled-600x450.jpg\" height=\"450\" width=\"600\" alt=\"\" class=\"slider-655 slide-669\" title=\"62-classic-13\" \/><div class=\"caption-wrap\"><div class=\"caption\">Gazon, roses et palmier<\/div><\/div><\/li>\n                <li style=\"display: none; width: 100%;\" class=\"slide-670 ms-image\"><img src=\"https:\/\/house.my-mind.online\/wp-content\/uploads\/2020\/12\/62-classic-07-scaled-600x450.jpg\" height=\"450\" width=\"600\" alt=\"\" class=\"slider-655 slide-670\" title=\"62-classic-07\" \/><\/li>\n                <li style=\"display: none; width: 100%;\" class=\"slide-671 ms-image\"><img src=\"https:\/\/house.my-mind.online\/wp-content\/uploads\/2020\/12\/62-classic-03-scaled-600x450.jpg\" height=\"450\" width=\"600\" alt=\"\" class=\"slider-655 slide-671\" title=\"62-classic-03\" \/><div class=\"caption-wrap\"><div class=\"caption\">C\u00f4t\u00e9 rue<\/div><\/div><\/li>\n            <\/ul>\n        <\/div>\n        \n    <\/div>\n<\/div><\/div>\n\n\n\n<h3><span style=\"color:#4a844f\" class=\"has-inline-color\">Cuisine <\/span> &#8211; \u00e9t\u00e9 2021<\/h3>\n\n\n\n<div class=\"alignnormal\"><div id=\"metaslider-id-634\" style=\"width: 100%;\" class=\"ml-slider-3-23-5 metaslider metaslider-flex metaslider-634 ml-slider ms-theme-simply-dark has-dots-nav\">\n    <div id=\"metaslider_container_634\">\n        <div id=\"metaslider_634\">\n            <ul aria-live=\"polite\" class=\"slides\">\n                <li style=\"display: block; width: 100%;\" class=\"slide-643 ms-image\"><img src=\"https:\/\/house.my-mind.online\/wp-content\/uploads\/2021\/03\/62b-cuisine-1-scaled-900x450.jpg\" height=\"450\" width=\"900\" alt=\"\" class=\"slider-634 slide-643\" title=\"62b-cuisine-1\" \/><div class=\"caption-wrap\"><div class=\"caption\">Petite mais pratique, \u00e0 droite fen\u00eatre sur le rue, \u00e0 gauche vue s\u00e9jour et jardin<\/div><\/div><\/li>\n                <li style=\"display: none; width: 100%;\" class=\"slide-644 ms-image\"><img src=\"https:\/\/house.my-mind.online\/wp-content\/uploads\/2021\/03\/62b-cuisine-2-scaled-900x450.jpg\" height=\"450\" width=\"900\" alt=\"\" class=\"slider-634 slide-644\" title=\"62b-cuisine-2\" \/><div class=\"caption-wrap\"><div class=\"caption\">Proche de vos invit\u00e9s<\/div><\/div><\/li>\n            <\/ul>\n        <\/div>\n        \n    <\/div>\n<\/div><\/div>\n\n\n\n<h3><span style=\"color:#4a844f\" class=\"has-inline-color\">Sous-sol (H 2.30 m)<\/span> <span style=\"color:#4a844f\" class=\"has-inline-color\">&#8211; deux salles &#8211; isolation phonique <\/span>&#8211; \u00e9t\u00e9 2021<\/h3>\n\n\n\n<div class=\"alignnormal\"><div id=\"metaslider-id-651\" style=\"width: 100%;\" class=\"ml-slider-3-23-5 metaslider metaslider-flex metaslider-651 ml-slider ms-theme-simply-dark has-dots-nav\">\n    <div id=\"metaslider_container_651\">\n        <div id=\"metaslider_651\">\n            <ul aria-live=\"polite\" class=\"slides\">\n                <li style=\"display: block; width: 100%;\" class=\"slide-652 ms-image\"><a href=\"https:\/\/house.my-mind.online\/wp-content\/uploads\/2021\/03\/62b-ssol-tv2-1-scaled.jpg\" target=\"_blank\"><img src=\"https:\/\/house.my-mind.online\/wp-content\/uploads\/2021\/03\/62b-ssol-tv2-1-scaled-1000x350.jpg\" height=\"350\" width=\"1000\" alt=\"\" class=\"slider-651 slide-652\" title=\"62b-ssol-tv2-1\" \/><\/a><div class=\"caption-wrap\"><div class=\"caption\">Pour nous, c'\u00e9tait un studio de musique<\/div><\/div><\/li>\n                <li style=\"display: none; width: 100%;\" class=\"slide-680 ms-image\"><a href=\"https:\/\/house.my-mind.online\/wp-content\/uploads\/2021\/03\/62b-ssol-tv2-2-scaled.jpg\" target=\"_blank\"><img src=\"https:\/\/house.my-mind.online\/wp-content\/uploads\/2021\/03\/62b-ssol-tv2-2-scaled-1000x350.jpg\" height=\"350\" width=\"1000\" alt=\"\" class=\"slider-651 slide-680\" title=\"62b-ssol-tv2-2\" \/><\/a><div class=\"caption-wrap\"><div class=\"caption\">Pour nous, c'\u00e9tait un studio de musique<\/div><\/div><\/li>\n                <li style=\"display: none; width: 100%;\" class=\"slide-684 ms-image\"><a href=\"https:\/\/house.my-mind.online\/wp-content\/uploads\/2021\/12\/studio-2020-2-scaled.jpg\" target=\"_blank\"><img src=\"https:\/\/house.my-mind.online\/wp-content\/uploads\/2021\/12\/studio-2020-2-scaled-1000x350.jpg\" height=\"350\" width=\"1000\" alt=\"\" class=\"slider-651 slide-684\" title=\"studio-2020-2\" \/><\/a><div class=\"caption-wrap\"><div class=\"caption\">Pour nous, c'\u00e9tait un studio de musique<\/div><\/div><\/li>\n                <li style=\"display: none; width: 100%;\" class=\"slide-685 ms-image\"><a href=\"https:\/\/house.my-mind.online\/wp-content\/uploads\/2021\/12\/studio-2020-1-scaled.jpg\" target=\"_blank\"><img src=\"https:\/\/house.my-mind.online\/wp-content\/uploads\/2021\/12\/studio-2020-1-scaled-1000x350.jpg\" height=\"350\" width=\"1000\" alt=\"\" class=\"slider-651 slide-685\" title=\"studio-2020-1\" \/><\/a><div class=\"caption-wrap\"><div class=\"caption\">Pour nous, c'\u00e9tait un studio de musique<\/div><\/div><\/li>\n                <li style=\"display: none; width: 100%;\" class=\"slide-653 ms-image\"><a href=\"https:\/\/house.my-mind.online\/wp-content\/uploads\/2021\/03\/62b-ssol-tv1-1-scaled.jpg\" target=\"_blank\"><img src=\"https:\/\/house.my-mind.online\/wp-content\/uploads\/2021\/03\/62b-ssol-tv1-1-scaled-1000x350.jpg\" height=\"350\" width=\"1000\" alt=\"\" class=\"slider-651 slide-653\" title=\"62b-ssol-tv1-1\" \/><\/a><div class=\"caption-wrap\"><div class=\"caption\">Pour nous, c'\u00e9tait salle cin\u00e9ma avec canap\u00e9s dans 2e pi\u00e8ces<\/div><\/div><\/li>\n                <li style=\"display: none; width: 100%;\" class=\"slide-681 ms-image\"><a href=\"https:\/\/house.my-mind.online\/wp-content\/uploads\/2021\/12\/P1050063.jpg\" target=\"_blank\"><img src=\"https:\/\/house.my-mind.online\/wp-content\/uploads\/2021\/12\/P1050063-1000x350.jpg\" height=\"350\" width=\"1000\" alt=\"\" class=\"slider-651 slide-681\" title=\"P1050063\" \/><\/a><div class=\"caption-wrap\"><div class=\"caption\">Ici, sous-sol vid\u00e9 : possibilit\u00e9 salle jeux, salle tv, studio de musique, 2 chambres, bureau, hauteur sous plafond = 2,3 m<\/div><\/div><\/li>\n            <\/ul>\n        <\/div>\n        \n    <\/div>\n<\/div><\/div>\n\n\n\n<h3><span style=\"color:#4a844f\" class=\"has-inline-color\">Sous-sol &#8211; Grand cellier et buanderie<\/span><\/h3>\n\n\n\n<figure class=\"wp-block-gallery columns-2 is-cropped\"><ul class=\"blocks-gallery-grid\"><li class=\"blocks-gallery-item\"><figure><a href=\"https:\/\/house.my-mind.online\/wp-content\/uploads\/2021\/03\/62b-ssol-buanderie-scaled.jpg\"><img loading=\"lazy\" width=\"1024\" height=\"384\" src=\"https:\/\/house.my-mind.online\/wp-content\/uploads\/2021\/03\/62b-ssol-buanderie-1024x384.jpg\" alt=\"\" data-id=\"285\" data-full-url=\"https:\/\/house.my-mind.online\/wp-content\/uploads\/2021\/03\/62b-ssol-buanderie-scaled.jpg\" data-link=\"https:\/\/house.my-mind.online\/62b-ssol-buanderie\/\" class=\"wp-image-285\" srcset=\"https:\/\/house.my-mind.online\/wp-content\/uploads\/2021\/03\/62b-ssol-buanderie-1024x384.jpg 1024w, https:\/\/house.my-mind.online\/wp-content\/uploads\/2021\/03\/62b-ssol-buanderie-300x113.jpg 300w, https:\/\/house.my-mind.online\/wp-content\/uploads\/2021\/03\/62b-ssol-buanderie-768x288.jpg 768w, https:\/\/house.my-mind.online\/wp-content\/uploads\/2021\/03\/62b-ssol-buanderie-1536x576.jpg 1536w, https:\/\/house.my-mind.online\/wp-content\/uploads\/2021\/03\/62b-ssol-buanderie-2048x768.jpg 2048w\" sizes=\"(max-width: 1024px) 100vw, 1024px\" \/><\/a><figcaption class=\"blocks-gallery-item__caption\">Buanderie<\/figcaption><\/figure><\/li><li class=\"blocks-gallery-item\"><figure><a href=\"https:\/\/house.my-mind.online\/wp-content\/uploads\/2021\/03\/62b-cellier-1-1-scaled.jpg\"><img loading=\"lazy\" width=\"1024\" height=\"247\" src=\"https:\/\/house.my-mind.online\/wp-content\/uploads\/2021\/03\/62b-cellier-1-1-1024x247.jpg\" alt=\"\" data-id=\"286\" data-full-url=\"https:\/\/house.my-mind.online\/wp-content\/uploads\/2021\/03\/62b-cellier-1-1-scaled.jpg\" data-link=\"https:\/\/house.my-mind.online\/62b-cellier-1-2\/\" class=\"wp-image-286\" srcset=\"https:\/\/house.my-mind.online\/wp-content\/uploads\/2021\/03\/62b-cellier-1-1-1024x247.jpg 1024w, https:\/\/house.my-mind.online\/wp-content\/uploads\/2021\/03\/62b-cellier-1-1-300x72.jpg 300w, https:\/\/house.my-mind.online\/wp-content\/uploads\/2021\/03\/62b-cellier-1-1-768x185.jpg 768w, https:\/\/house.my-mind.online\/wp-content\/uploads\/2021\/03\/62b-cellier-1-1-1536x370.jpg 1536w, https:\/\/house.my-mind.online\/wp-content\/uploads\/2021\/03\/62b-cellier-1-1-2048x493.jpg 2048w\" sizes=\"(max-width: 1024px) 100vw, 1024px\" \/><\/a><figcaption class=\"blocks-gallery-item__caption\">Cellier<\/figcaption><\/figure><\/li><\/ul><\/figure>\n\n\n\n<h3><span style=\"color:#4a844f\" class=\"has-inline-color\">Grand garage (H 2.65 m) <\/span>&#8211; \u00e9t\u00e9 2021<\/h3>\n\n\n\n<figure class=\"wp-block-gallery columns-1 is-cropped\"><ul class=\"blocks-gallery-grid\"><li class=\"blocks-gallery-item\"><figure><a href=\"https:\/\/house.my-mind.online\/wp-content\/uploads\/2021\/03\/62b-garage-1-1-scaled.jpeg\"><img loading=\"lazy\" width=\"1024\" height=\"317\" src=\"https:\/\/house.my-mind.online\/wp-content\/uploads\/2021\/03\/62b-garage-1-1-1024x317.jpeg\" alt=\"\" data-id=\"380\" data-full-url=\"https:\/\/house.my-mind.online\/wp-content\/uploads\/2021\/03\/62b-garage-1-1-scaled.jpeg\" data-link=\"https:\/\/house.my-mind.online\/index.php\/espace-de-vie\/62b-garage-1-2\/\" class=\"wp-image-380\" srcset=\"https:\/\/house.my-mind.online\/wp-content\/uploads\/2021\/03\/62b-garage-1-1-1024x317.jpeg 1024w, https:\/\/house.my-mind.online\/wp-content\/uploads\/2021\/03\/62b-garage-1-1-300x93.jpeg 300w, https:\/\/house.my-mind.online\/wp-content\/uploads\/2021\/03\/62b-garage-1-1-768x237.jpeg 768w, https:\/\/house.my-mind.online\/wp-content\/uploads\/2021\/03\/62b-garage-1-1-1536x475.jpeg 1536w, https:\/\/house.my-mind.online\/wp-content\/uploads\/2021\/03\/62b-garage-1-1-2048x633.jpeg 2048w\" sizes=\"(max-width: 1024px) 100vw, 1024px\" \/><\/a><figcaption class=\"blocks-gallery-item__caption\">Garage carrel\u00e9<\/figcaption><\/figure><\/li><\/ul><\/figure>\n\n\n\n<p><\/p>\n","protected":false},"excerpt":{"rendered":"<p>Jardin et s\u00e9jour &#8211; \u00e9t\u00e9 2021 Cuisine &#8211; \u00e9t\u00e9 2021 Sous-sol (H 2.30 m) &#8211; deux salles &#8211; isolation phonique &#8211; \u00e9t\u00e9 2021 Sous-sol &#8211; Grand cellier et buanderie Grand garage (H 2.65 m) &#8211; \u00e9t\u00e9 2021<\/p>\n","protected":false},"author":1,"featured_media":0,"parent":0,"menu_order":0,"comment_status":"closed","ping_status":"closed","template":"","meta":[],"_links":{"self":[{"href":"https:\/\/house.my-mind.online\/index.php\/wp-json\/wp\/v2\/pages\/487"}],"collection":[{"href":"https:\/\/house.my-mind.online\/index.php\/wp-json\/wp\/v2\/pages"}],"about":[{"href":"https:\/\/house.my-mind.online\/index.php\/wp-json\/wp\/v2\/types\/page"}],"author":[{"embeddable":true,"href":"https:\/\/house.my-mind.online\/index.php\/wp-json\/wp\/v2\/users\/1"}],"replies":[{"embeddable":true,"href":"https:\/\/house.my-mind.online\/index.php\/wp-json\/wp\/v2\/comments?post=487"}],"version-history":[{"count":8,"href":"https:\/\/house.my-mind.online\/index.php\/wp-json\/wp\/v2\/pages\/487\/revisions"}],"predecessor-version":[{"id":675,"href":"https:\/\/house.my-mind.online\/index.php\/wp-json\/wp\/v2\/pages\/487\/revisions\/675"}],"wp:attachment":[{"href":"https:\/\/house.my-mind.online\/index.php\/wp-json\/wp\/v2\/media?parent=487"}],"curies":[{"name":"wp","href":"https:\/\/api.w.org\/{rel}","templated":true}]}}