{"id":489,"date":"2021-12-08T20:36:43","date_gmt":"2021-12-08T19:36:43","guid":{"rendered":"https:\/\/house.my-mind.online\/?page_id=489"},"modified":"2021-12-09T17:56:47","modified_gmt":"2021-12-09T16:56:47","slug":"photos-dec-2021","status":"publish","type":"page","link":"https:\/\/house.my-mind.online\/index.php\/photos-dec-2021\/","title":{"rendered":"HIVER 2021"},"content":{"rendered":"\n<h3 class=\"has-text-align-center\"><span style=\"color:#6b8a57\" class=\"has-inline-color\">C\u00f4t\u00e9 rue<\/span> &#8211; <span class=\"has-inline-color has-black-color\">8 D\u00e9cembre 2021<\/span><\/h3>\n\n\n\n<div class=\"alignnormal\"><div id=\"metaslider-id-514\" style=\"width: 100%;\" class=\"ml-slider-3-23-5 metaslider metaslider-flex metaslider-514 ml-slider ms-theme-simply-dark has-dots-nav\">\n    <div id=\"metaslider_container_514\">\n        <div id=\"metaslider_514\">\n            <ul aria-live=\"polite\" class=\"slides\">\n                <li style=\"display: block; width: 100%;\" class=\"slide-516 ms-image\"><img src=\"https:\/\/house.my-mind.online\/wp-content\/uploads\/2021\/12\/P1050025-900x650.jpg\" height=\"650\" width=\"900\" alt=\"\" class=\"slider-514 slide-516\" title=\"P1050025\" \/><div class=\"caption-wrap\"><div class=\"caption\">c\u00f4t\u00e9 rue<\/div><\/div><\/li>\n                <li style=\"display: none; width: 100%;\" class=\"slide-517 ms-image\"><img src=\"https:\/\/house.my-mind.online\/wp-content\/uploads\/2021\/12\/P1050026-900x650.jpg\" height=\"650\" width=\"900\" alt=\"\" class=\"slider-514 slide-517\" title=\"P1050026\" \/><div class=\"caption-wrap\"><div class=\"caption\">c\u00f4t\u00e9 rue<\/div><\/div><\/li>\n                <li style=\"display: none; width: 100%;\" class=\"slide-522 ms-image\"><img src=\"https:\/\/house.my-mind.online\/wp-content\/uploads\/2021\/12\/P1050076-900x650.jpg\" height=\"650\" width=\"900\" alt=\"\" class=\"slider-514 slide-522\" title=\"P1050076\" \/><div class=\"caption-wrap\"><div class=\"caption\">fa\u00e7ade c\u00f4t\u00e9 rue<\/div><\/div><\/li>\n                <li style=\"display: none; width: 100%;\" class=\"slide-515 ms-image\"><img src=\"https:\/\/house.my-mind.online\/wp-content\/uploads\/2021\/12\/P1050079-900x650.jpg\" height=\"650\" width=\"900\" alt=\"\" class=\"slider-514 slide-515\" title=\"P1050079\" \/><div class=\"caption-wrap\"><div class=\"caption\">rangement bois et perron<\/div><\/div><\/li>\n                <li style=\"display: none; width: 100%;\" class=\"slide-518 ms-image\"><img src=\"https:\/\/house.my-mind.online\/wp-content\/uploads\/2021\/12\/P1050075-900x650.jpg\" height=\"650\" width=\"900\" alt=\"\" class=\"slider-514 slide-518\" title=\"P1050075\" \/><div class=\"caption-wrap\"><div class=\"caption\">v\u00e9g\u00e9tation c\u00f4t\u00e9 rue<\/div><\/div><\/li>\n            <\/ul>\n        <\/div>\n        \n    <\/div>\n<\/div><\/div>\n\n\n\n<h3 class=\"has-text-align-center\"><span style=\"color:#6b8a57\" class=\"has-inline-color\">Rdc<\/span><\/h3>\n\n\n\n<div class=\"wp-block-group\"><div class=\"wp-block-group__inner-container\">\n<div class=\"alignnormal\"><div id=\"metaslider-id-525\" style=\"width: 100%;\" class=\"ml-slider-3-23-5 metaslider metaslider-flex metaslider-525 ml-slider ms-theme-simply-dark has-dots-nav\">\n    <div id=\"metaslider_container_525\">\n        <div id=\"metaslider_525\">\n            <ul aria-live=\"polite\" class=\"slides\">\n                <li style=\"display: block; width: 100%;\" class=\"slide-526 ms-image\"><img src=\"https:\/\/house.my-mind.online\/wp-content\/uploads\/2021\/12\/P1050027-900x650.jpg\" height=\"650\" width=\"900\" alt=\"\" class=\"slider-525 slide-526\" title=\"P1050027\" \/><div class=\"caption-wrap\"><div class=\"caption\">v\u00e9g\u00e9tation c\u00f4t\u00e9 rue<\/div><\/div><\/li>\n                <li style=\"display: none; width: 100%;\" class=\"slide-527 ms-image\"><img src=\"https:\/\/house.my-mind.online\/wp-content\/uploads\/2021\/12\/P1050033-900x650.jpg\" height=\"650\" width=\"900\" alt=\"\" class=\"slider-525 slide-527\" title=\"P1050033\" \/><div class=\"caption-wrap\"><div class=\"caption\">entr\u00e9e<\/div><\/div><\/li>\n                <li style=\"display: none; width: 100%;\" class=\"slide-528 ms-image\"><img src=\"https:\/\/house.my-mind.online\/wp-content\/uploads\/2021\/12\/P1050032-900x650.jpg\" height=\"650\" width=\"900\" alt=\"\" class=\"slider-525 slide-528\" title=\"P1050032\" \/><div class=\"caption-wrap\"><div class=\"caption\">baies vitr\u00e9es<\/div><\/div><\/li>\n                <li style=\"display: none; width: 100%;\" class=\"slide-529 ms-image\"><img src=\"https:\/\/house.my-mind.online\/wp-content\/uploads\/2021\/12\/P1050034-900x650.jpg\" height=\"650\" width=\"900\" alt=\"\" class=\"slider-525 slide-529\" title=\"P1050034\" \/><div class=\"caption-wrap\"><div class=\"caption\">s\u00e9jour avec chemin\u00e9e et insert<\/div><\/div><\/li>\n                <li style=\"display: none; width: 100%;\" class=\"slide-530 ms-image\"><img src=\"https:\/\/house.my-mind.online\/wp-content\/uploads\/2021\/12\/P1050060-900x650.jpg\" height=\"650\" width=\"900\" alt=\"\" class=\"slider-525 slide-530\" title=\"P1050060\" \/><div class=\"caption-wrap\"><div class=\"caption\">escalier pour \u00e9tage et sous-sol<\/div><\/div><\/li>\n                <li style=\"display: none; width: 100%;\" class=\"slide-531 ms-image\"><img src=\"https:\/\/house.my-mind.online\/wp-content\/uploads\/2021\/12\/P1050071-900x650.jpg\" height=\"650\" width=\"900\" alt=\"\" class=\"slider-525 slide-531\" title=\"P1050071\" \/><div class=\"caption-wrap\"><div class=\"caption\">Escalier descente<\/div><\/div><\/li>\n            <\/ul>\n        <\/div>\n        \n    <\/div>\n<\/div><\/div>\n<\/div><\/div>\n\n\n\n<h3 class=\"has-text-align-center\"><span style=\"color:#6b8a57\" class=\"has-inline-color\">Etage<\/span><\/h3>\n\n\n\n<div class=\"alignnormal\"><div id=\"metaslider-id-533\" style=\"width: 100%;\" class=\"ml-slider-3-23-5 metaslider metaslider-flex metaslider-533 ml-slider ms-theme-simply-dark has-dots-nav\">\n    <div id=\"metaslider_container_533\">\n        <div id=\"metaslider_533\">\n            <ul aria-live=\"polite\" class=\"slides\">\n                <li style=\"display: block; width: 100%;\" class=\"slide-534 ms-image\"><img src=\"https:\/\/house.my-mind.online\/wp-content\/uploads\/2021\/12\/P1050040-900x650.jpg\" height=\"650\" width=\"900\" alt=\"\" class=\"slider-533 slide-534\" title=\"P1050040\" \/><div class=\"caption-wrap\"><div class=\"caption\">escalier vers \u00e9tage<\/div><\/div><\/li>\n                <li style=\"display: none; width: 100%;\" class=\"slide-535 ms-image\"><img src=\"https:\/\/house.my-mind.online\/wp-content\/uploads\/2021\/12\/P1050061-900x650.jpg\" height=\"650\" width=\"900\" alt=\"\" class=\"slider-533 slide-535\" title=\"P1050061\" \/><div class=\"caption-wrap\"><div class=\"caption\">escalier vers \u00e9tage<\/div><\/div><\/li>\n                <li style=\"display: none; width: 100%;\" class=\"slide-546 ms-image\"><img src=\"https:\/\/house.my-mind.online\/wp-content\/uploads\/2021\/12\/P1050051-900x650.jpg\" height=\"650\" width=\"900\" alt=\"\" class=\"slider-533 slide-546\" title=\"P1050051\" \/><div class=\"caption-wrap\"><div class=\"caption\">Escalier descente<\/div><\/div><\/li>\n                <li style=\"display: none; width: 100%;\" class=\"slide-536 ms-image\"><img src=\"https:\/\/house.my-mind.online\/wp-content\/uploads\/2021\/12\/P1050054-900x650.jpg\" height=\"650\" width=\"900\" alt=\"\" class=\"slider-533 slide-536\" title=\"P1050054\" \/><div class=\"caption-wrap\"><div class=\"caption\">chambre N1 + N2<\/div><\/div><\/li>\n                <li style=\"display: none; width: 100%;\" class=\"slide-537 ms-image\"><img src=\"https:\/\/house.my-mind.online\/wp-content\/uploads\/2021\/12\/P1050055-900x650.jpg\" height=\"650\" width=\"900\" alt=\"\" class=\"slider-533 slide-537\" title=\"P1050055\" \/><div class=\"caption-wrap\"><div class=\"caption\">chambre N2 ou bureau<\/div><\/div><\/li>\n                <li style=\"display: none; width: 100%;\" class=\"slide-538 ms-image\"><img src=\"https:\/\/house.my-mind.online\/wp-content\/uploads\/2021\/12\/P1050057-900x650.jpg\" height=\"650\" width=\"900\" alt=\"\" class=\"slider-533 slide-538\" title=\"P1050057\" \/><div class=\"caption-wrap\"><div class=\"caption\">chambre N1<\/div><\/div><\/li>\n                <li style=\"display: none; width: 100%;\" class=\"slide-539 ms-image\"><img src=\"https:\/\/house.my-mind.online\/wp-content\/uploads\/2021\/12\/P1050056-900x650.jpg\" height=\"650\" width=\"900\" alt=\"\" class=\"slider-533 slide-539\" title=\"P1050056\" \/><div class=\"caption-wrap\"><div class=\"caption\">chambre N1<\/div><\/div><\/li>\n                <li style=\"display: none; width: 100%;\" class=\"slide-545 ms-image\"><img src=\"https:\/\/house.my-mind.online\/wp-content\/uploads\/2021\/12\/P1050050-900x650.jpg\" height=\"650\" width=\"900\" alt=\"\" class=\"slider-533 slide-545\" title=\"P1050050\" \/><div class=\"caption-wrap\"><div class=\"caption\">chambre N3 rangement<\/div><\/div><\/li>\n                <li style=\"display: none; width: 100%;\" class=\"slide-549 ms-image\"><img src=\"https:\/\/house.my-mind.online\/wp-content\/uploads\/2021\/12\/P1050049-900x650.jpg\" height=\"650\" width=\"900\" alt=\"\" class=\"slider-533 slide-549\" title=\"P1050049\" \/><div class=\"caption-wrap\"><div class=\"caption\">chambre N3<\/div><\/div><\/li>\n                <li style=\"display: none; width: 100%;\" class=\"slide-547 ms-image\"><img src=\"https:\/\/house.my-mind.online\/wp-content\/uploads\/2021\/12\/P1050053-900x650.jpg\" height=\"650\" width=\"900\" alt=\"\" class=\"slider-533 slide-547\" title=\"P1050053\" \/><div class=\"caption-wrap\"><div class=\"caption\">Salle de bain \u00e9tage<\/div><\/div><\/li>\n                <li style=\"display: none; width: 100%;\" class=\"slide-550 ms-image\"><img src=\"https:\/\/house.my-mind.online\/wp-content\/uploads\/2021\/12\/P1050052-900x650.jpg\" height=\"650\" width=\"900\" alt=\"\" class=\"slider-533 slide-550\" title=\"P1050052\" \/><div class=\"caption-wrap\"><div class=\"caption\">Salle de bain \u00e9tage<\/div><\/div><\/li>\n            <\/ul>\n        <\/div>\n        \n    <\/div>\n<\/div><\/div>\n\n\n\n<h3 class=\"has-text-align-center\"><span style=\"color:#6b8a57\" class=\"has-inline-color\">Sous-sol<\/span><\/h3>\n\n\n\n<div class=\"alignnormal\"><div id=\"metaslider-id-554\" style=\"width: 100%;\" class=\"ml-slider-3-23-5 metaslider metaslider-flex metaslider-554 ml-slider ms-theme-simply-dark has-dots-nav\">\n    <div id=\"metaslider_container_554\">\n        <div id=\"metaslider_554\">\n            <ul aria-live=\"polite\" class=\"slides\">\n                <li style=\"display: block; width: 100%;\" class=\"slide-565 ms-image\"><img src=\"https:\/\/house.my-mind.online\/wp-content\/uploads\/2021\/12\/P1050060-900x650.jpg\" height=\"650\" width=\"900\" alt=\"\" class=\"slider-554 slide-565\" title=\"P1050060\" \/><div class=\"caption-wrap\"><div class=\"caption\">escalier pour \u00e9tage et sous-sol<\/div><\/div><\/li>\n                <li style=\"display: none; width: 100%;\" class=\"slide-566 ms-image\"><img src=\"https:\/\/house.my-mind.online\/wp-content\/uploads\/2021\/12\/P1050062-900x650.jpg\" height=\"650\" width=\"900\" alt=\"\" class=\"slider-554 slide-566\" title=\"P1050062\" \/><div class=\"caption-wrap\"><div class=\"caption\">sous-sol salle jeux<\/div><\/div><\/li>\n                <li style=\"display: none; width: 100%;\" class=\"slide-567 ms-image\"><img src=\"https:\/\/house.my-mind.online\/wp-content\/uploads\/2021\/12\/P1050069-900x650.jpg\" height=\"650\" width=\"900\" alt=\"\" class=\"slider-554 slide-567\" title=\"P1050069\" \/><div class=\"caption-wrap\"><div class=\"caption\">sous-sol salle jeux<\/div><\/div><\/li>\n                <li style=\"display: none; width: 100%;\" class=\"slide-568 ms-image\"><img src=\"https:\/\/house.my-mind.online\/wp-content\/uploads\/2021\/12\/P1050063-900x650.jpg\" height=\"650\" width=\"900\" alt=\"\" class=\"slider-554 slide-568\" title=\"P1050063\" \/><div class=\"caption-wrap\"><div class=\"caption\">Ici, sous-sol vid\u00e9 : possibilit\u00e9 salle jeux, salle tv, studio de musique, 2 chambres, bureau, hauteur sous plafond = 2,3 m<\/div><\/div><\/li>\n                <li style=\"display: none; width: 100%;\" class=\"slide-569 ms-image\"><img src=\"https:\/\/house.my-mind.online\/wp-content\/uploads\/2021\/12\/P1050065-900x650.jpg\" height=\"650\" width=\"900\" alt=\"\" class=\"slider-554 slide-569\" title=\"P1050065\" \/><div class=\"caption-wrap\"><div class=\"caption\">sous-sol salle TV<\/div><\/div><\/li>\n                <li style=\"display: none; width: 100%;\" class=\"slide-570 ms-image\"><img src=\"https:\/\/house.my-mind.online\/wp-content\/uploads\/2021\/12\/P1050066-900x650.jpg\" height=\"650\" width=\"900\" alt=\"\" class=\"slider-554 slide-570\" title=\"P1050066\" \/><div class=\"caption-wrap\"><div class=\"caption\">sous-sol salle TV<\/div><\/div><\/li>\n                <li style=\"display: none; width: 100%;\" class=\"slide-571 ms-image\"><img src=\"https:\/\/house.my-mind.online\/wp-content\/uploads\/2021\/12\/P1050068-900x650.jpg\" height=\"650\" width=\"900\" alt=\"\" class=\"slider-554 slide-571\" title=\"P1050068\" \/><div class=\"caption-wrap\"><div class=\"caption\">sous-sol buanderie chaudi\u00e8re<\/div><\/div><\/li>\n                <li style=\"display: none; width: 100%;\" class=\"slide-572 ms-image\"><img src=\"https:\/\/house.my-mind.online\/wp-content\/uploads\/2021\/12\/P1050064-900x650.jpg\" height=\"650\" width=\"900\" alt=\"\" class=\"slider-554 slide-572\" title=\"P1050064\" \/><div class=\"caption-wrap\"><div class=\"caption\">sous-sol cellier<\/div><\/div><\/li>\n                <li style=\"display: none; width: 100%;\" class=\"slide-573 ms-image\"><img src=\"https:\/\/house.my-mind.online\/wp-content\/uploads\/2021\/12\/P1050067-900x650.jpg\" height=\"650\" width=\"900\" alt=\"\" class=\"slider-554 slide-573\" title=\"P1050067\" \/><div class=\"caption-wrap\"><div class=\"caption\">sous-sol acc\u00e8s jardin<\/div><\/div><\/li>\n            <\/ul>\n        <\/div>\n        \n    <\/div>\n<\/div><\/div>\n","protected":false},"excerpt":{"rendered":"<p>C\u00f4t\u00e9 rue &#8211; 8 D\u00e9cembre 2021 Rdc Etage Sous-sol<\/p>\n","protected":false},"author":1,"featured_media":0,"parent":0,"menu_order":0,"comment_status":"closed","ping_status":"closed","template":"","meta":[],"_links":{"self":[{"href":"https:\/\/house.my-mind.online\/index.php\/wp-json\/wp\/v2\/pages\/489"}],"collection":[{"href":"https:\/\/house.my-mind.online\/index.php\/wp-json\/wp\/v2\/pages"}],"about":[{"href":"https:\/\/house.my-mind.online\/index.php\/wp-json\/wp\/v2\/types\/page"}],"author":[{"embeddable":true,"href":"https:\/\/house.my-mind.online\/index.php\/wp-json\/wp\/v2\/users\/1"}],"replies":[{"embeddable":true,"href":"https:\/\/house.my-mind.online\/index.php\/wp-json\/wp\/v2\/comments?post=489"}],"version-history":[{"count":15,"href":"https:\/\/house.my-mind.online\/index.php\/wp-json\/wp\/v2\/pages\/489\/revisions"}],"predecessor-version":[{"id":574,"href":"https:\/\/house.my-mind.online\/index.php\/wp-json\/wp\/v2\/pages\/489\/revisions\/574"}],"wp:attachment":[{"href":"https:\/\/house.my-mind.online\/index.php\/wp-json\/wp\/v2\/media?parent=489"}],"curies":[{"name":"wp","href":"https:\/\/api.w.org\/{rel}","templated":true}]}}