{"id":50,"date":"2020-12-05T18:49:03","date_gmt":"2020-12-05T17:49:03","guid":{"rendered":"http:\/\/house.my-mind.online\/?page_id=50"},"modified":"2021-12-20T16:31:02","modified_gmt":"2021-12-20T15:31:02","slug":"espace-de-vie","status":"publish","type":"page","link":"https:\/\/house.my-mind.online\/","title":{"rendered":"Espace de vie"},"content":{"rendered":"\n<h3><span style=\"color:#6b8a57\" class=\"has-inline-color\">La Varenne St Hilaire<\/span><\/h3>\n\n\n\n<div class=\"wp-block-group\"><div class=\"wp-block-group__inner-container\">\n<figure class=\"wp-block-gallery columns-3 is-cropped\"><ul class=\"blocks-gallery-grid\"><li class=\"blocks-gallery-item\"><figure><a href=\"https:\/\/house.my-mind.online\/wp-content\/uploads\/2020\/12\/62-classic-03-scaled.jpg\"><img loading=\"lazy\" width=\"1024\" height=\"576\" src=\"https:\/\/house.my-mind.online\/wp-content\/uploads\/2020\/12\/62-classic-03-1024x576.jpg\" alt=\"\" data-id=\"74\" data-full-url=\"https:\/\/house.my-mind.online\/wp-content\/uploads\/2020\/12\/62-classic-03-scaled.jpg\" data-link=\"https:\/\/house.my-mind.online\/62-classic-03\/\" class=\"wp-image-74\" srcset=\"https:\/\/house.my-mind.online\/wp-content\/uploads\/2020\/12\/62-classic-03-1024x576.jpg 1024w, https:\/\/house.my-mind.online\/wp-content\/uploads\/2020\/12\/62-classic-03-300x169.jpg 300w, https:\/\/house.my-mind.online\/wp-content\/uploads\/2020\/12\/62-classic-03-768x432.jpg 768w, https:\/\/house.my-mind.online\/wp-content\/uploads\/2020\/12\/62-classic-03-1536x864.jpg 1536w, https:\/\/house.my-mind.online\/wp-content\/uploads\/2020\/12\/62-classic-03-2048x1152.jpg 2048w\" sizes=\"(max-width: 1024px) 100vw, 1024px\" \/><\/a><figcaption class=\"blocks-gallery-item__caption\">C\u00f4t\u00e9 rue<\/figcaption><\/figure><\/li><li class=\"blocks-gallery-item\"><figure><a href=\"https:\/\/house.my-mind.online\/wp-content\/uploads\/2020\/12\/62-classic-10-scaled.jpg\"><img loading=\"lazy\" width=\"1024\" height=\"576\" src=\"https:\/\/house.my-mind.online\/wp-content\/uploads\/2020\/12\/62-classic-10-1024x576.jpg\" alt=\"\" data-id=\"81\" data-full-url=\"https:\/\/house.my-mind.online\/wp-content\/uploads\/2020\/12\/62-classic-10-scaled.jpg\" data-link=\"https:\/\/house.my-mind.online\/62-classic-10\/\" class=\"wp-image-81\" srcset=\"https:\/\/house.my-mind.online\/wp-content\/uploads\/2020\/12\/62-classic-10-1024x576.jpg 1024w, https:\/\/house.my-mind.online\/wp-content\/uploads\/2020\/12\/62-classic-10-300x169.jpg 300w, https:\/\/house.my-mind.online\/wp-content\/uploads\/2020\/12\/62-classic-10-768x432.jpg 768w, https:\/\/house.my-mind.online\/wp-content\/uploads\/2020\/12\/62-classic-10-1536x864.jpg 1536w, https:\/\/house.my-mind.online\/wp-content\/uploads\/2020\/12\/62-classic-10-2048x1152.jpg 2048w\" sizes=\"(max-width: 1024px) 100vw, 1024px\" \/><\/a><figcaption class=\"blocks-gallery-item__caption\">La nature<\/figcaption><\/figure><\/li><li class=\"blocks-gallery-item\"><figure><a href=\"https:\/\/house.my-mind.online\/wp-content\/uploads\/2020\/12\/62-classic-12-scaled.jpg\"><img loading=\"lazy\" width=\"1024\" height=\"576\" src=\"https:\/\/house.my-mind.online\/wp-content\/uploads\/2020\/12\/62-classic-12-1024x576.jpg\" alt=\"\" data-id=\"83\" data-full-url=\"https:\/\/house.my-mind.online\/wp-content\/uploads\/2020\/12\/62-classic-12-scaled.jpg\" data-link=\"https:\/\/house.my-mind.online\/62-classic-12\/\" class=\"wp-image-83\" srcset=\"https:\/\/house.my-mind.online\/wp-content\/uploads\/2020\/12\/62-classic-12-1024x576.jpg 1024w, https:\/\/house.my-mind.online\/wp-content\/uploads\/2020\/12\/62-classic-12-300x169.jpg 300w, https:\/\/house.my-mind.online\/wp-content\/uploads\/2020\/12\/62-classic-12-768x432.jpg 768w, https:\/\/house.my-mind.online\/wp-content\/uploads\/2020\/12\/62-classic-12-1536x864.jpg 1536w, https:\/\/house.my-mind.online\/wp-content\/uploads\/2020\/12\/62-classic-12-2048x1152.jpg 2048w\" sizes=\"(max-width: 1024px) 100vw, 1024px\" \/><\/a><figcaption class=\"blocks-gallery-item__caption\">Le soleil<\/figcaption><\/figure><\/li><li class=\"blocks-gallery-item\"><figure><a href=\"https:\/\/house.my-mind.online\/wp-content\/uploads\/2020\/12\/62-classic-16-scaled.jpg\"><img loading=\"lazy\" width=\"1024\" height=\"576\" src=\"https:\/\/house.my-mind.online\/wp-content\/uploads\/2020\/12\/62-classic-16-1024x576.jpg\" alt=\"\" data-id=\"87\" data-full-url=\"https:\/\/house.my-mind.online\/wp-content\/uploads\/2020\/12\/62-classic-16-scaled.jpg\" data-link=\"https:\/\/house.my-mind.online\/62-classic-16\/\" class=\"wp-image-87\" srcset=\"https:\/\/house.my-mind.online\/wp-content\/uploads\/2020\/12\/62-classic-16-1024x576.jpg 1024w, https:\/\/house.my-mind.online\/wp-content\/uploads\/2020\/12\/62-classic-16-300x169.jpg 300w, https:\/\/house.my-mind.online\/wp-content\/uploads\/2020\/12\/62-classic-16-768x432.jpg 768w, https:\/\/house.my-mind.online\/wp-content\/uploads\/2020\/12\/62-classic-16-1536x864.jpg 1536w, https:\/\/house.my-mind.online\/wp-content\/uploads\/2020\/12\/62-classic-16-2048x1152.jpg 2048w\" sizes=\"(max-width: 1024px) 100vw, 1024px\" \/><\/a><figcaption class=\"blocks-gallery-item__caption\">Le calme<\/figcaption><\/figure><\/li><li class=\"blocks-gallery-item\"><figure><a href=\"https:\/\/house.my-mind.online\/wp-content\/uploads\/2020\/12\/62-classic-13-scaled.jpg\"><img loading=\"lazy\" width=\"1024\" height=\"576\" src=\"https:\/\/house.my-mind.online\/wp-content\/uploads\/2020\/12\/62-classic-13-1024x576.jpg\" alt=\"\" data-id=\"84\" data-full-url=\"https:\/\/house.my-mind.online\/wp-content\/uploads\/2020\/12\/62-classic-13-scaled.jpg\" data-link=\"https:\/\/house.my-mind.online\/62-classic-13\/\" class=\"wp-image-84\" srcset=\"https:\/\/house.my-mind.online\/wp-content\/uploads\/2020\/12\/62-classic-13-1024x576.jpg 1024w, https:\/\/house.my-mind.online\/wp-content\/uploads\/2020\/12\/62-classic-13-300x169.jpg 300w, https:\/\/house.my-mind.online\/wp-content\/uploads\/2020\/12\/62-classic-13-768x432.jpg 768w, https:\/\/house.my-mind.online\/wp-content\/uploads\/2020\/12\/62-classic-13-1536x864.jpg 1536w, https:\/\/house.my-mind.online\/wp-content\/uploads\/2020\/12\/62-classic-13-2048x1152.jpg 2048w\" sizes=\"(max-width: 1024px) 100vw, 1024px\" \/><\/a><figcaption class=\"blocks-gallery-item__caption\">Gazon, roses et palmier<\/figcaption><\/figure><\/li><li class=\"blocks-gallery-item\"><figure><a href=\"https:\/\/house.my-mind.online\/wp-content\/uploads\/2020\/12\/62-pano-12-scaled.jpg\"><img loading=\"lazy\" width=\"1024\" height=\"301\" src=\"https:\/\/house.my-mind.online\/wp-content\/uploads\/2020\/12\/62-pano-12-1024x301.jpg\" alt=\"\" data-id=\"100\" data-full-url=\"https:\/\/house.my-mind.online\/wp-content\/uploads\/2020\/12\/62-pano-12-scaled.jpg\" data-link=\"https:\/\/house.my-mind.online\/62-pano-12\/\" class=\"wp-image-100\" srcset=\"https:\/\/house.my-mind.online\/wp-content\/uploads\/2020\/12\/62-pano-12-1024x301.jpg 1024w, https:\/\/house.my-mind.online\/wp-content\/uploads\/2020\/12\/62-pano-12-300x88.jpg 300w, https:\/\/house.my-mind.online\/wp-content\/uploads\/2020\/12\/62-pano-12-768x226.jpg 768w, https:\/\/house.my-mind.online\/wp-content\/uploads\/2020\/12\/62-pano-12-1536x452.jpg 1536w, https:\/\/house.my-mind.online\/wp-content\/uploads\/2020\/12\/62-pano-12-2048x602.jpg 2048w\" sizes=\"(max-width: 1024px) 100vw, 1024px\" \/><\/a><figcaption class=\"blocks-gallery-item__caption\">De votre canap\u00e9, le jardin, fa\u00e7e TV et Chemin\u00e9e<\/figcaption><\/figure><\/li><\/ul><\/figure>\n<\/div><\/div>\n\n\n\n<h3><span style=\"color:#6b8a57\" class=\"has-inline-color\">Habitable<\/span> 121 m2<span style=\"color:#6b8a57\" class=\"has-inline-color\"> et Terrain<\/span> 293 m2<\/h3>\n\n\n\n<ul><li><strong>ETAGE :<\/strong> 68 M2 &#8211; 4 chambres (ou 3 ch + 1 bureau) + Sdb + Wc<ul><li>Chambre n1 : 19 m2<\/li><li>Chambre n2 : 15 m2<\/li><li>Chambre n3 : 10,6 m2<\/li><li>Chambre n4 : 12 m2 ( bureau ou chambre, passage pour aller dans ch n1)<\/li><li>Salle de bain \/ wc : 9 m2<\/li><li>Pallier : 2,65 m2<\/li><\/ul><\/li><li><strong>RDC :<\/strong> 54 M2 &#8211; S\u00e9jour 40 m2 + Cuisine 8 m2 + Wc\/douche<ul><li>S\u00e9jour, salle \u00e0 manger : 43 m2<\/li><li>Cuisine : 8 m2<\/li><li>Douche \/ wc : 2,2 m2<\/li><\/ul><\/li><\/ul>\n\n\n\n<h3><span style=\"color:#6b8a57\" class=\"has-inline-color\">Sous-sol et Garage<\/span> 81 m2<\/h3>\n\n\n\n<ul><li><strong>S-SOL <\/strong>: 55 M2 &#8211; (hauteur 2,30 m) &#8211; 2 pi\u00e8ces de jeux + Cellier + Buandrie<\/li><li><strong>Garage<\/strong> : 26 m2<\/li><\/ul>\n\n\n\n<h3><span style=\"color:#6b8a57\" class=\"has-inline-color\">Et bien plus<\/span><\/h3>\n\n\n\n<ul><li>Terrain 293 m2<\/li><li>Atelier jardin 10 m2<\/li><li>Garage int\u00e9rieur hauteur 2,65 m, 2 voitures (26 M2 &#8211; 2,8m x 9,5 m)<\/li><li>Parking ext\u00e9rieur c\u00f4t\u00e9 rue, 1 petite voiture<\/li><li>Une chemin\u00e9e avec insert avec r\u00e9cup\u00e9rateur de chaleur<\/li><li>Chauffage central au gaz, chaudi\u00e8re Chapee<\/li><li>DPE : <strong>Classement C <\/strong>(D\u00e9c 2021)<\/li><li>GSE : <strong>Classement C<\/strong> (D\u00e9c 2021)<\/li><li>Taxe fonci\u00e8re = 2107 \u20ac<\/li><li>Ann\u00e9e de construction 2003<\/li><li>Possibilit\u00e9 d&#8217;am\u00e9nager une chambre au RDC avec vue sur le jardin en prenant la moiti\u00e9 du garage<\/li><li>Possibilit\u00e9 d&#8217;am\u00e9nager 2 chambres suppl\u00e9mentaires dans le sous-sol<\/li><li>Peintures murs et plafonds totalement refaite en Octobre 2021<\/li><\/ul>\n\n\n\n<h3><span style=\"color:#6b8a57\" class=\"has-inline-color\">Distances<\/span><\/h3>\n\n\n\n<ul><li>1,5 km RER le Parc St Maur ou La Varenne St Hilaire<\/li><li><a href=\"https:\/\/goo.gl\/maps\/MhVNHjPVyxZ3AUi1A\">Carrefour Market<\/a> = 800 m<\/li><li><a href=\"https:\/\/goo.gl\/maps\/3U5r3ZxLxyApexLZ6\">Auchan Market<\/a> = 750 m<\/li><li><a href=\"https:\/\/goo.gl\/maps\/nCmGjMFEW7Mn4qDQ9\">March\u00e9 La Varenne Saint Hilaire<\/a> = 1.5 km<\/li><li>March\u00e9 d&#8217;Adamville = 1.2 km<\/li><li><a href=\"https:\/\/www.saint-maur.com\/ma-ville\/economie-emploi\/les-marches-de-saint-maur\">Liens sur les march\u00e9s de St Maur<\/a><\/li><li><a href=\"https:\/\/goo.gl\/maps\/v2V8VmBCbbSDJ5w86\">Centre commercial Cr\u00e9teil Soleil<\/a> = 6 km<\/li><li><a href=\"https:\/\/goo.gl\/maps\/vm359GyYCpV5jHuQ9\">Centre commercial Leclerc Bonneuil<\/a> = 5 km<\/li><\/ul>\n\n\n\n<h3><span style=\"color:#6b8a57\" class=\"has-inline-color\">Photos<\/span><\/h3>\n\n\n\n<div class=\"wp-block-columns\">\n<div class=\"wp-block-column\">\n<figure class=\"wp-block-image size-large\"><a href=\"https:\/\/house.my-mind.online\/index.php\/photos-ete\/\"><img loading=\"lazy\" width=\"879\" height=\"879\" src=\"https:\/\/house.my-mind.online\/wp-content\/uploads\/2021\/12\/photo-summer-2.jpg\" alt=\"\" class=\"wp-image-502\" srcset=\"https:\/\/house.my-mind.online\/wp-content\/uploads\/2021\/12\/photo-summer-2.jpg 879w, https:\/\/house.my-mind.online\/wp-content\/uploads\/2021\/12\/photo-summer-2-300x300.jpg 300w, https:\/\/house.my-mind.online\/wp-content\/uploads\/2021\/12\/photo-summer-2-150x150.jpg 150w, https:\/\/house.my-mind.online\/wp-content\/uploads\/2021\/12\/photo-summer-2-768x768.jpg 768w\" sizes=\"(max-width: 879px) 100vw, 879px\" \/><\/a><\/figure>\n<\/div>\n\n\n\n<div class=\"wp-block-column\">\n<figure class=\"wp-block-image size-large\"><a href=\"https:\/\/house.my-mind.online\/index.php\/photos-dec-2021\/\"><img loading=\"lazy\" width=\"879\" height=\"879\" src=\"https:\/\/house.my-mind.online\/wp-content\/uploads\/2021\/12\/photo-winter-2.jpg\" alt=\"\" class=\"wp-image-503\" srcset=\"https:\/\/house.my-mind.online\/wp-content\/uploads\/2021\/12\/photo-winter-2.jpg 879w, https:\/\/house.my-mind.online\/wp-content\/uploads\/2021\/12\/photo-winter-2-300x300.jpg 300w, https:\/\/house.my-mind.online\/wp-content\/uploads\/2021\/12\/photo-winter-2-150x150.jpg 150w, https:\/\/house.my-mind.online\/wp-content\/uploads\/2021\/12\/photo-winter-2-768x768.jpg 768w\" sizes=\"(max-width: 879px) 100vw, 879px\" \/><\/a><\/figure>\n<\/div>\n\n\n\n<div class=\"wp-block-column\">\n<figure class=\"wp-block-image size-large\"><a href=\"https:\/\/house.my-mind.online\/index.php\/cuisine-projet\/\"><img loading=\"lazy\" width=\"879\" height=\"879\" src=\"https:\/\/house.my-mind.online\/wp-content\/uploads\/2021\/12\/photo-kitchen-2.jpg\" alt=\"\" class=\"wp-image-504\" srcset=\"https:\/\/house.my-mind.online\/wp-content\/uploads\/2021\/12\/photo-kitchen-2.jpg 879w, https:\/\/house.my-mind.online\/wp-content\/uploads\/2021\/12\/photo-kitchen-2-300x300.jpg 300w, https:\/\/house.my-mind.online\/wp-content\/uploads\/2021\/12\/photo-kitchen-2-150x150.jpg 150w, https:\/\/house.my-mind.online\/wp-content\/uploads\/2021\/12\/photo-kitchen-2-768x768.jpg 768w\" sizes=\"(max-width: 879px) 100vw, 879px\" \/><\/a><\/figure>\n<\/div>\n\n\n\n<div class=\"wp-block-column\">\n<figure class=\"wp-block-image size-large\"><a href=\"https:\/\/house.my-mind.online\/index.php\/saint-maur\/\"><img loading=\"lazy\" width=\"879\" height=\"879\" src=\"https:\/\/house.my-mind.online\/wp-content\/uploads\/2021\/12\/photo-st-maur.jpg\" alt=\"\" class=\"wp-image-710\" srcset=\"https:\/\/house.my-mind.online\/wp-content\/uploads\/2021\/12\/photo-st-maur.jpg 879w, https:\/\/house.my-mind.online\/wp-content\/uploads\/2021\/12\/photo-st-maur-300x300.jpg 300w, https:\/\/house.my-mind.online\/wp-content\/uploads\/2021\/12\/photo-st-maur-150x150.jpg 150w, https:\/\/house.my-mind.online\/wp-content\/uploads\/2021\/12\/photo-st-maur-768x768.jpg 768w\" sizes=\"(max-width: 879px) 100vw, 879px\" \/><\/a><\/figure>\n<\/div>\n<\/div>\n\n\n\n<hr class=\"wp-block-separator\"\/>\n\n\n\n<h3><span style=\"color:#df6f1f\" class=\"has-inline-color\">Vue des pi\u00e8ces<\/span> &#8211; 3D<\/h3>\n\n\n\n<div class=\"alignnormal\"><div id=\"metaslider-id-693\" style=\"width: 100%;\" class=\"ml-slider-3-23-5 metaslider metaslider-flex metaslider-693 ml-slider ms-theme-simply-dark has-dots-nav\">\n    <div id=\"metaslider_container_693\">\n        <div id=\"metaslider_693\">\n            <ul aria-live=\"polite\" class=\"slides\">\n                <li style=\"display: block; width: 100%;\" class=\"slide-694 ms-image\"><img src=\"https:\/\/house.my-mind.online\/wp-content\/uploads\/2021\/03\/62b-3d-rdc-600x700.png\" height=\"700\" width=\"600\" alt=\"\" class=\"slider-693 slide-694\" title=\"62b-3d-rdc\" \/><div class=\"caption-wrap\"><div class=\"caption\">Rez de chauss\u00e9e<\/div><\/div><\/li>\n                <li style=\"display: none; width: 100%;\" class=\"slide-695 ms-image\"><img src=\"https:\/\/house.my-mind.online\/wp-content\/uploads\/2021\/03\/62b-3d-ss-600x700.png\" height=\"700\" width=\"600\" alt=\"\" class=\"slider-693 slide-695\" title=\"62b-3d-ss\" \/><div class=\"caption-wrap\"><div class=\"caption\">Sous-sol<\/div><\/div><\/li>\n                <li style=\"display: none; width: 100%;\" class=\"slide-696 ms-image\"><img src=\"https:\/\/house.my-mind.online\/wp-content\/uploads\/2021\/03\/62b-3d-etage-600x700.png\" height=\"700\" width=\"600\" alt=\"\" class=\"slider-693 slide-696\" title=\"62b-3d-etage\" \/><div class=\"caption-wrap\"><div class=\"caption\">Etage<\/div><\/div><\/li>\n            <\/ul>\n        <\/div>\n        \n    <\/div>\n<\/div><\/div>\n\n\n\n<p><\/p>\n","protected":false},"excerpt":{"rendered":"<p>La Varenne St Hilaire Habitable 121 m2 et Terrain 293 m2 ETAGE : 68 M2 &#8211; 4 chambres (ou 3 ch + 1 bureau) + Sdb + Wc Chambre n1 : 19 m2 Chambre n2 : 15 m2 Chambre n3 : 10,6 m2 Chambre n4 : 12 m2 ( bureau&hellip;<\/p>\n<p><a class=\"more-link\" href=\"https:\/\/house.my-mind.online\/\">Read More<\/a><\/p>\n","protected":false},"author":1,"featured_media":0,"parent":0,"menu_order":0,"comment_status":"closed","ping_status":"closed","template":"","meta":[],"_links":{"self":[{"href":"https:\/\/house.my-mind.online\/index.php\/wp-json\/wp\/v2\/pages\/50"}],"collection":[{"href":"https:\/\/house.my-mind.online\/index.php\/wp-json\/wp\/v2\/pages"}],"about":[{"href":"https:\/\/house.my-mind.online\/index.php\/wp-json\/wp\/v2\/types\/page"}],"author":[{"embeddable":true,"href":"https:\/\/house.my-mind.online\/index.php\/wp-json\/wp\/v2\/users\/1"}],"replies":[{"embeddable":true,"href":"https:\/\/house.my-mind.online\/index.php\/wp-json\/wp\/v2\/comments?post=50"}],"version-history":[{"count":73,"href":"https:\/\/house.my-mind.online\/index.php\/wp-json\/wp\/v2\/pages\/50\/revisions"}],"predecessor-version":[{"id":731,"href":"https:\/\/house.my-mind.online\/index.php\/wp-json\/wp\/v2\/pages\/50\/revisions\/731"}],"wp:attachment":[{"href":"https:\/\/house.my-mind.online\/index.php\/wp-json\/wp\/v2\/media?parent=50"}],"curies":[{"name":"wp","href":"https:\/\/api.w.org\/{rel}","templated":true}]}}